{"id":1313,"date":"2025-09-06T14:46:16","date_gmt":"2025-09-06T12:46:16","guid":{"rendered":"https:\/\/lesamisdevirebent.com\/?page_id=1313"},"modified":"2025-09-06T14:54:30","modified_gmt":"2025-09-06T12:54:30","slug":"2024-les-virebent-a-launaguet-une-vitrine-des-arts-decoratifs-au-xixe-siecle","status":"publish","type":"page","link":"https:\/\/lesamisdevirebent.com\/?page_id=1313","title":{"rendered":"2024 &#8211; Les Virebent \u00e0 Launaguet, une vitrine des arts d\u00e9coratifs au XIXe si\u00e8cle"},"content":{"rendered":"\n<p>Cet ouvrage a \u00e9t\u00e9 publi\u00e9 par la DRAC dans la collection DUO en 2024.<\/p>\n\n\n\n<figure class=\"wp-block-image size-large\"><img loading=\"lazy\" decoding=\"async\" width=\"1024\" height=\"482\" src=\"https:\/\/lesamisdevirebent.com\/wp-content\/uploads\/2024\/09\/INVITATION_PresentationOuvrageVirebent-21092024-1024x482.jpg\" alt=\"\" class=\"wp-image-1254\" srcset=\"https:\/\/lesamisdevirebent.com\/wp-content\/uploads\/2024\/09\/INVITATION_PresentationOuvrageVirebent-21092024-1024x482.jpg 1024w, https:\/\/lesamisdevirebent.com\/wp-content\/uploads\/2024\/09\/INVITATION_PresentationOuvrageVirebent-21092024-300x141.jpg 300w, https:\/\/lesamisdevirebent.com\/wp-content\/uploads\/2024\/09\/INVITATION_PresentationOuvrageVirebent-21092024-768x362.jpg 768w, https:\/\/lesamisdevirebent.com\/wp-content\/uploads\/2024\/09\/INVITATION_PresentationOuvrageVirebent-21092024-1536x723.jpg 1536w, https:\/\/lesamisdevirebent.com\/wp-content\/uploads\/2024\/09\/INVITATION_PresentationOuvrageVirebent-21092024-2048x965.jpg 2048w\" sizes=\"auto, (max-width: 1024px) 100vw, 1024px\" \/><\/figure>\n\n\n\n<p>Il est disponible gratuitement \u00e0 la DRAC ou il peut \u00eatre t\u00e9l\u00e9charg\u00e9 en PDF \u00e0 l&#8217;adresse suivante :<\/p>\n\n\n<div class=\"vlp-link-container vlp-layout-basic wp-block-visual-link-preview-link\"><a href=\"https:\/\/www.culture.gouv.fr\/regions\/drac-occitanie\/ressources-documentaires\/publications\/collection-duo\/les-virebent-a-launaguet-une-vitrine-des-arts-decoratifs-au-xixe-siecle\" class=\"vlp-link\" title=\"Les Virebent \u00e0 Launaguet, une vitrine des arts d\u00e9coratifs au XIXe si\u00e8cle | Minist\u00e8re de la Culture\" rel=\"nofollow\" target=\"_blank\"><\/a><div class=\"vlp-layout-zone-side\"><div class=\"vlp-block-2 vlp-link-image\"><img decoding=\"async\" src=\"https:\/\/www.culture.gouv.fr\/var\/culture\/storage\/images\/_aliases\/metadata\/3\/8\/3\/6\/107946383-1-fre-FR\/b1a0ad904d01-Couv_duo_Virebent.jpg\" style=\"max-width: 150px; max-height: 150px\" \/><\/div><\/div><div class=\"vlp-layout-zone-main\"><div class=\"vlp-block-0 vlp-link-title\">Les Virebent \u00e0 Launaguet, une vitrine des arts d\u00e9coratifs au XIXe si\u00e8cle | Minist\u00e8re de la Culture<\/div><div class=\"vlp-block-1 vlp-link-summary\">\u201cLes Virebent \u00e0 Launaguet\u201d, ouvrage de la collection Duo de la Drac Occitanie, section \u201cPatrimoine prot\u00e9g\u00e9\u201d, retrace l\u2019histoire des Virebent, dynastie rendue c\u00e9l\u00e8bre par l\u2019invention de la plinthotomie.<\/div><\/div><\/div>","protected":false},"excerpt":{"rendered":"<p>Cet ouvrage a \u00e9t\u00e9 publi\u00e9 par la DRAC dans la collection DUO en 2024. Il est disponible gratuitement \u00e0 la DRAC ou il peut \u00eatre t\u00e9l\u00e9charg\u00e9 en PDF \u00e0 l&#8217;adresse suivante :<\/p>\n","protected":false},"author":1,"featured_media":0,"parent":151,"menu_order":0,"comment_status":"closed","ping_status":"closed","template":"","meta":{"_acf_changed":false,"footnotes":""},"class_list":["post-1313","page","type-page","status-publish","hentry"],"acf":[],"_links":{"self":[{"href":"https:\/\/lesamisdevirebent.com\/index.php?rest_route=\/wp\/v2\/pages\/1313","targetHints":{"allow":["GET"]}}],"collection":[{"href":"https:\/\/lesamisdevirebent.com\/index.php?rest_route=\/wp\/v2\/pages"}],"about":[{"href":"https:\/\/lesamisdevirebent.com\/index.php?rest_route=\/wp\/v2\/types\/page"}],"author":[{"embeddable":true,"href":"https:\/\/lesamisdevirebent.com\/index.php?rest_route=\/wp\/v2\/users\/1"}],"replies":[{"embeddable":true,"href":"https:\/\/lesamisdevirebent.com\/index.php?rest_route=%2Fwp%2Fv2%2Fcomments&post=1313"}],"version-history":[{"count":2,"href":"https:\/\/lesamisdevirebent.com\/index.php?rest_route=\/wp\/v2\/pages\/1313\/revisions"}],"predecessor-version":[{"id":1315,"href":"https:\/\/lesamisdevirebent.com\/index.php?rest_route=\/wp\/v2\/pages\/1313\/revisions\/1315"}],"up":[{"embeddable":true,"href":"https:\/\/lesamisdevirebent.com\/index.php?rest_route=\/wp\/v2\/pages\/151"}],"wp:attachment":[{"href":"https:\/\/lesamisdevirebent.com\/index.php?rest_route=%2Fwp%2Fv2%2Fmedia&parent=1313"}],"curies":[{"name":"wp","href":"https:\/\/api.w.org\/{rel}","templated":true}]}}