{"id":132,"date":"2013-09-28T14:17:41","date_gmt":"2013-09-28T13:17:41","guid":{"rendered":"http:\/\/www.launaguet-virebent.com\/?page_id=132"},"modified":"2023-11-03T16:58:57","modified_gmt":"2023-11-03T15:58:57","slug":"les-virebent","status":"publish","type":"page","link":"https:\/\/lesamisdevirebent.com\/?page_id=132","title":{"rendered":"Les Virebent"},"content":{"rendered":"<p>Originaire de Muret, la dynastie des Virebent comprenait au XVII\u00e8me et au XVIII\u00e8me si\u00e8cles des bourgeois, marchands parfumeurs et gantiers, puis notaires. A la fin du XVIII\u00e8me certains d&#8217;entre eux deviennent des g\u00e9om\u00e8tres-arpenteurs, et ils r\u00e9alis\u00e8rent des cadastres.<br \/>\nMais c&#8217;est \u00e0 Toulouse et \u00e0 Launaguet qu&#8217;ils s&#8217;illustr\u00e8rent en devenant architectes de la ville, briquetiers et c\u00e9ramistes. Ils model\u00e8rent la ville rose du XVIII\u00e8me jusqu&#8217;en 1965.<br \/>\nVous pourrez d\u00e9couvrir dans les articles de cette section une biographie de ses principaux acteurs; nous esp\u00e9rons qu&#8217;elle aidera \u00e0 dissiper la confusion qui r\u00e8gne souvent sous l&#8217;appellation \u00ab\u00a0Virebent\u00a0\u00bb.<\/p>\n\n\n<figure class=\"wp-block-image size-large\"><img loading=\"lazy\" decoding=\"async\" width=\"1024\" height=\"911\" src=\"https:\/\/lesamisdevirebent.com\/wp-content\/uploads\/2023\/11\/Tableau-signatures-1024x911.jpg\" alt=\"\" class=\"wp-image-1221\" srcset=\"https:\/\/lesamisdevirebent.com\/wp-content\/uploads\/2023\/11\/Tableau-signatures-1024x911.jpg 1024w, https:\/\/lesamisdevirebent.com\/wp-content\/uploads\/2023\/11\/Tableau-signatures-300x267.jpg 300w, https:\/\/lesamisdevirebent.com\/wp-content\/uploads\/2023\/11\/Tableau-signatures-768x683.jpg 768w, https:\/\/lesamisdevirebent.com\/wp-content\/uploads\/2023\/11\/Tableau-signatures-1536x1367.jpg 1536w, https:\/\/lesamisdevirebent.com\/wp-content\/uploads\/2023\/11\/Tableau-signatures.jpg 1813w\" sizes=\"auto, (max-width: 1024px) 100vw, 1024px\" \/><\/figure>\n","protected":false},"excerpt":{"rendered":"<p>Originaire de Muret, la dynastie des Virebent comprenait au XVII\u00e8me et au XVIII\u00e8me si\u00e8cles des bourgeois, marchands parfumeurs et gantiers, puis notaires. A la fin du XVIII\u00e8me certains d&#8217;entre eux deviennent des g\u00e9om\u00e8tres-arpenteurs, et ils r\u00e9alis\u00e8rent des cadastres. Mais c&#8217;est &hellip; <a href=\"https:\/\/lesamisdevirebent.com\/?page_id=132\">Continuer la lecture <span class=\"meta-nav\">&rarr;<\/span><\/a><\/p>\n","protected":false},"author":1,"featured_media":0,"parent":0,"menu_order":4,"comment_status":"closed","ping_status":"closed","template":"","meta":{"_acf_changed":false,"footnotes":""},"class_list":["post-132","page","type-page","status-publish","hentry"],"acf":[],"_links":{"self":[{"href":"https:\/\/lesamisdevirebent.com\/index.php?rest_route=\/wp\/v2\/pages\/132","targetHints":{"allow":["GET"]}}],"collection":[{"href":"https:\/\/lesamisdevirebent.com\/index.php?rest_route=\/wp\/v2\/pages"}],"about":[{"href":"https:\/\/lesamisdevirebent.com\/index.php?rest_route=\/wp\/v2\/types\/page"}],"author":[{"embeddable":true,"href":"https:\/\/lesamisdevirebent.com\/index.php?rest_route=\/wp\/v2\/users\/1"}],"replies":[{"embeddable":true,"href":"https:\/\/lesamisdevirebent.com\/index.php?rest_route=%2Fwp%2Fv2%2Fcomments&post=132"}],"version-history":[{"count":1,"href":"https:\/\/lesamisdevirebent.com\/index.php?rest_route=\/wp\/v2\/pages\/132\/revisions"}],"predecessor-version":[{"id":1223,"href":"https:\/\/lesamisdevirebent.com\/index.php?rest_route=\/wp\/v2\/pages\/132\/revisions\/1223"}],"wp:attachment":[{"href":"https:\/\/lesamisdevirebent.com\/index.php?rest_route=%2Fwp%2Fv2%2Fmedia&parent=132"}],"curies":[{"name":"wp","href":"https:\/\/api.w.org\/{rel}","templated":true}]}}