{"id":134,"date":"2013-09-20T16:00:22","date_gmt":"2013-09-20T15:00:22","guid":{"rendered":"http:\/\/www.launaguet-virebent.com\/?page_id=134"},"modified":"2019-06-02T10:00:40","modified_gmt":"2019-06-02T08:00:40","slug":"jacques-pascal-virebent-1746-1831","status":"publish","type":"page","link":"https:\/\/lesamisdevirebent.com\/?page_id=134","title":{"rendered":"Jacques Pascal (1746-1831)"},"content":{"rendered":"<p><a href=\"https:\/\/lesamisdevirebent.com\/wp-content\/uploads\/2013\/09\/Jacques-Pascal-Virebent.jpg\"><img loading=\"lazy\" decoding=\"async\" class=\"alignleft wp-image-135 size-medium\" src=\"https:\/\/lesamisdevirebent.com\/wp-content\/uploads\/2013\/09\/Jacques-Pascal-Virebent-236x300.jpg\" alt=\"\" width=\"236\" height=\"300\" srcset=\"https:\/\/lesamisdevirebent.com\/wp-content\/uploads\/2013\/09\/Jacques-Pascal-Virebent-236x300.jpg 236w, https:\/\/lesamisdevirebent.com\/wp-content\/uploads\/2013\/09\/Jacques-Pascal-Virebent.jpg 629w\" sizes=\"auto, (max-width: 236px) 100vw, 236px\" \/><\/a><br \/>\n<strong>Jacques-Pascal<\/strong><br \/>\nToulouse, 7 avril 1746-13 ao\u00fbt 1831<br \/>\nDernier enfant de Jean-Fran\u00e7ois Virebent, notaire, contr\u00f4leur g\u00e9n\u00e9ral de la Ville. Il eut pour ma\u00eetres le chevalier Rivals puis Labat-de-Savignac. A quinze ans il fut \u00e9tudiant au coll\u00e8ge de Sor\u00e8ze avant de terminer sa formation \u00e0 Paris aupr\u00e8s de l&#8217;architecte du roi De Franque.<br \/>\nIl fut architecte g\u00e9om\u00e8tre, ing\u00e9nieur, architecte conseil de la ville de Toulouse pendant 48 ans, du 1er juin 1782 au 3 mars 1830. Il fut aussi jusqu&#8217;en 1794 architecte-voyer de la ville charg\u00e9 de l&#8217;application des r\u00e8glements de voirie.<br \/>\nIl participa aussi \u00e0 la cr\u00e9ation de l&#8217;\u00e9cole sp\u00e9ciale des Arts de Toulouse en 1804. Il y enseigna de 1805 \u00e0 1830, puis la dirigea de 1806 \u00e0 1827.<br \/>\nJacques-Pascal \u00e9tait aussi architecte des hospices de la ville.<br \/>\nIl \u00e9tait membre de l&#8217;Acad\u00e9mie royale de Toulouse (de 1777 \u00e0 1793), membre de l&#8217;Acad\u00e9mie des sciences, inscriptions et belles-lettres de Toulouse (\u00e0 partir de 1807).<br \/>\n<strong>\u0152uvres:<\/strong><br \/>\nChef de file du n\u00e9oclassicisme toulousain et de l&#8217;urbanisme durant cinquante ans il forma de nombreux architectes, dont ses fils Fran\u00e7ois et Auguste, son neveu Urbain Vitry qui devait lui succ\u00e9der \u00e0 la t\u00eate du service de l&#8217;urbanisme de la ville, mais aussi les architectes Jean-Pierre Laffon et Antoine Laforgue. Son style italianisant s&#8217;inspire de Percier et Fontaine.<br \/>\n<strong>Urbanisme:<\/strong><br \/>\nPour les alignements de Toulouse, on notera qu&#8217;il agit avec beaucoup de mod\u00e9ration \u00e9largissant souvent d&#8217;un seul cot\u00e9 les voies anciennes (rue des Marchands, rue Saint-Antoine du T, rue du Rempart Saint-\u00c9tienne, rue des Tourneurs&#8230;.), r\u00e9gularisant d&#8217;anciens trac\u00e9s. Il cr\u00e9a de nouvelles places (de la Trinit\u00e9, Salingro , de la Bourse, Victor Hugo, des Carmes, Saint-Sernin). Ses plus belles r\u00e9alisations (termin\u00e9es apr\u00e8s son d\u00e9c\u00e8s) demeurent les places du Capitole et Villeneuve (devenue Wilson). Cette derni\u00e8re franchit l&#8217;espace du rempart nouvellement abattu gr\u00e2ce aux all\u00e9es Lafayette (Jean-Jaur\u00e8s) liant la vielle ville au canal. La cr\u00e9ation des boulevards sur l&#8217;emplacement des remparts ouvrait de nouveaux quartiers \u00e0 l&#8217;urbanisation.<br \/>\n<strong>Architecture:<\/strong><br \/>\nJacques-Pascal fut d&#8217;abord architecte de la ville, charg\u00e9 des projets d&#8217;entretien, d&#8217;embellissement, et de construction des b\u00e2timents de la ville. A ce titre il donna le dessin du ch\u0153ur de l&#8217;\u00e9glise Saint-Exup\u00e8re, des retables de l&#8217;\u00e9glise de la Daurade, des d\u00e9cors int\u00e9rieurs de la Dalbade, de la chaire de Saint-J\u00e9r\u00f4me. On lui doit aussi l&#8217;entr\u00e9e du jardin des plantes (avec les huit colonnes de marbre), la restauration du Capitole, l&#8217;octroi de Montaudran et les travaux d&#8217;embellissement pour les f\u00eates et les r\u00e9ceptions.<\/p>\n<div id=\"attachment_394\" style=\"width: 410px\" class=\"wp-caption aligncenter\"><a href=\"https:\/\/lesamisdevirebent.com\/wp-content\/uploads\/2013\/09\/Jacques-Pascal-Projet-Porte.jpeg\"><img loading=\"lazy\" decoding=\"async\" aria-describedby=\"caption-attachment-394\" class=\"size-medium wp-image-394\" src=\"https:\/\/lesamisdevirebent.com\/wp-content\/uploads\/2013\/09\/Jacques-Pascal-Projet-Porte-300x64.jpeg\" alt=\"Projet de porte triomphale sur la place Lafayette (Wilson) non r\u00e9alis\u00e9. Mus\u00e9e du Vieux Toulouse, inv. 22.3.001.\" width=\"400\" height=\"64\" \/><\/a><p id=\"caption-attachment-394\" class=\"wp-caption-text\">Projet de porte triomphale sur la place Lafayette (Wilson) non r\u00e9alis\u00e9. Mus\u00e9e du Vieux Toulouse, inv. 22.3.001.<\/p><\/div>\n<p>A Castres il r\u00e9alisa l&#8217;h\u00f4tel de ville et l&#8217;hospice.<br \/>\nSon style proche des ordonnancements de Saget pour les bords de Garonne, peut sembler aust\u00e8re. Il ne faut pas oublier que Jacques-Pascal traversa une \u00e9poque agit\u00e9e, et que ses projets furent souvent diff\u00e9r\u00e9s voire r\u00e9duits (sculptures aux angles de la place du Capitole supprim\u00e9es ainsi que les d\u00e9cors de la place Villeneuve). Reste l&#8217;utilisation inconditionnelle de la brique enduite au XVIII\u00e8me, qui donne aujourd&#8217;hui son image de ville rose \u00e0 Toulouse.<\/p>\n","protected":false},"excerpt":{"rendered":"<p>Jacques-Pascal Toulouse, 7 avril 1746-13 ao\u00fbt 1831 Dernier enfant de Jean-Fran\u00e7ois Virebent, notaire, contr\u00f4leur g\u00e9n\u00e9ral de la Ville. Il eut pour ma\u00eetres le chevalier Rivals puis Labat-de-Savignac. A quinze ans il fut \u00e9tudiant au coll\u00e8ge de Sor\u00e8ze avant de terminer &hellip; <a href=\"https:\/\/lesamisdevirebent.com\/?page_id=134\">Continuer la lecture <span class=\"meta-nav\">&rarr;<\/span><\/a><\/p>\n","protected":false},"author":1,"featured_media":0,"parent":132,"menu_order":4,"comment_status":"closed","ping_status":"closed","template":"","meta":{"_acf_changed":false,"footnotes":""},"class_list":["post-134","page","type-page","status-publish","hentry"],"acf":[],"_links":{"self":[{"href":"https:\/\/lesamisdevirebent.com\/index.php?rest_route=\/wp\/v2\/pages\/134","targetHints":{"allow":["GET"]}}],"collection":[{"href":"https:\/\/lesamisdevirebent.com\/index.php?rest_route=\/wp\/v2\/pages"}],"about":[{"href":"https:\/\/lesamisdevirebent.com\/index.php?rest_route=\/wp\/v2\/types\/page"}],"author":[{"embeddable":true,"href":"https:\/\/lesamisdevirebent.com\/index.php?rest_route=\/wp\/v2\/users\/1"}],"replies":[{"embeddable":true,"href":"https:\/\/lesamisdevirebent.com\/index.php?rest_route=%2Fwp%2Fv2%2Fcomments&post=134"}],"version-history":[{"count":1,"href":"https:\/\/lesamisdevirebent.com\/index.php?rest_route=\/wp\/v2\/pages\/134\/revisions"}],"predecessor-version":[{"id":969,"href":"https:\/\/lesamisdevirebent.com\/index.php?rest_route=\/wp\/v2\/pages\/134\/revisions\/969"}],"up":[{"embeddable":true,"href":"https:\/\/lesamisdevirebent.com\/index.php?rest_route=\/wp\/v2\/pages\/132"}],"wp:attachment":[{"href":"https:\/\/lesamisdevirebent.com\/index.php?rest_route=%2Fwp%2Fv2%2Fmedia&parent=134"}],"curies":[{"name":"wp","href":"https:\/\/api.w.org\/{rel}","templated":true}]}}