{"id":146,"date":"2013-09-23T14:58:50","date_gmt":"2013-09-23T13:58:50","guid":{"rendered":"http:\/\/www.launaguet-virebent.com\/?page_id=146"},"modified":"2013-09-23T14:58:50","modified_gmt":"2013-09-23T13:58:50","slug":"apres-1925","status":"publish","type":"page","link":"https:\/\/lesamisdevirebent.com\/?page_id=146","title":{"rendered":"Raymond (1874-1965)"},"content":{"rendered":"<p><a href=\"https:\/\/lesamisdevirebent.com\/wp-content\/uploads\/2013\/09\/Raymond-Virebent.jpg\"><img loading=\"lazy\" decoding=\"async\" class=\"alignleft size-medium wp-image-138\" alt=\"Raymond Virebent\" src=\"https:\/\/lesamisdevirebent.com\/wp-content\/uploads\/2013\/09\/Raymond-Virebent-300x298.jpg\" width=\"150\" height=\"150\" srcset=\"https:\/\/lesamisdevirebent.com\/wp-content\/uploads\/2013\/09\/Raymond-Virebent-300x298.jpg 300w, https:\/\/lesamisdevirebent.com\/wp-content\/uploads\/2013\/09\/Raymond-Virebent-150x150.jpg 150w, https:\/\/lesamisdevirebent.com\/wp-content\/uploads\/2013\/09\/Raymond-Virebent.jpg 521w\" sizes=\"auto, (max-width: 150px) 100vw, 150px\" \/><\/a>27 mai 1874-6 octobre 1965<br \/>\nFils a\u00een\u00e9 de Gaston Virebent, c\u00e9ramiste.<br \/>\nGaston Virebent fut toujours soucieux de l\u2019avenir de la manufacture et de la formation de ses enfants.<br \/>\nRaymond eut pour pr\u00e9cepteur un ami de son p\u00e8re, le chanoine Auriol, qui l\u2019accompagna lors de son voyage en Italie en 1894. Il fut form\u00e9 comme son fr\u00e8re \u00e0 l\u2019Ecole des Beaux-arts de Toulouse (2 mentions en 1893). Puis il \u00e9tudia \u00e0 l\u2019\u00e9cole de c\u00e9ramique de Limoges.<br \/>\nAssoci\u00e9 \u00e0 son p\u00e8re \u00e0 partir de 1920 et probablement jusqu\u2019au d\u00e9c\u00e8s de celui-ci (1925). Puis il reprit la direction d\u2019une usine qui apr\u00e8s la s\u00e9paration de l\u2019Eglise et de l\u2019Etat (1905), vit son chiffre d\u2019affaire fortement diminuer. En effet, les fabriques paroissiales ne commandaient plus le type de d\u00e9cors propos\u00e9s par les manufactures d\u2019art religieux. Les particuliers qui offraient autrefois les d\u00e9cors de chapelles enti\u00e8res, lourdement affect\u00e9s par les deux guerres mondiales et la crise, ne firent plus de dons aussi importants en faveur de leur paroisse. L\u2019heure \u00e9tait \u00e0 des d\u00e9cors plus sobres dont la revue \u00ab L\u2019art sacr\u00e9 \u00bb se fit le chantre.<br \/>\nContact\u00e9 pour assurer la chaire de c\u00e9ramique \u00e0 l\u2019\u00e9cole des Beaux-arts, Raymond refusa cette charge.<br \/>\n<strong>\u0152uvres:<\/strong><br \/>\nPour les thermes de Salies-du-Salat Raymond con\u00e7ut des chapiteaux \u00e9maill\u00e9s de style \u00e9gyptien (architecte Thillet, 1923). Comme la plus part des artistes de cette p\u00e9riode il donna des monuments aux morts. Celui de l\u2019\u00e9glise de Bagn\u00e8res-de-Luchon souffre un peu du manque de lumi\u00e8re. Plus monumental celui r\u00e9alis\u00e9 par l\u2019architecte Isidore pour le cimeti\u00e8re de Salonique, derri\u00e8re Terre Cabade, \u00e0 Toulouse, est discr\u00e8tement \u00e9maill\u00e9 de terre cuite provenant de la manufacture.<br \/>\nRaymond fournit encore quelques d\u00e9cors monumentaux : tympan de la chapelle des dominicaines \u00e0 Pompignan (1936), selon la tradition des c\u00e9ramiques de Gaston.<br \/>\nIl participe d\u00e9sormais aux expositions d\u2019horticulture : fournissant de nombreux d\u00e9cors pour les parcs et jardins des ch\u00e2teaux de la r\u00e9gion (vases, fontaines, statues). Dans les ann\u00e9es 30, \u00e0 Muret, il \u0153uvra pour la villa de Vincent Auriol (Patrice Bonnet architecte). Malheureusement il ne reste plus rien de son travail. A Saint-Gaudens on sait qu\u2019il donna des d\u00e9cors pour une villa. Raymond participa aussi aux restaurations d\u2019une galerie du Louvre. Il restaura aussi les terres cuites anciennes.<br \/>\nSur la fin de sa carri\u00e8re, l\u2019activit\u00e9 r\u00e9duite au stade artisanal se d\u00e9roula en solitaire ou avec l\u2019aide d\u2019un ouvrier, Gabriel Lurrin (qui avait re\u00e7u la m\u00e9daille d\u2019honneur en 1937), dans une usine d\u00e9sert\u00e9e.<br \/>\n<div id=\"attachment_296\" style=\"width: 310px\" class=\"wp-caption aligncenter\"><a href=\"https:\/\/lesamisdevirebent.com\/wp-content\/uploads\/2013\/09\/Raymond-\u00e0-la-fabrique.02-jpg.jpg\"><img loading=\"lazy\" decoding=\"async\" aria-describedby=\"caption-attachment-296\" class=\"size-medium wp-image-296\" alt=\"Raymond \u00e0 la Fabrique\" src=\"https:\/\/lesamisdevirebent.com\/wp-content\/uploads\/2013\/09\/Raymond-\u00e0-la-fabrique.02-jpg-300x201.jpg\" width=\"300\" height=\"201\" srcset=\"https:\/\/lesamisdevirebent.com\/wp-content\/uploads\/2013\/09\/Raymond-\u00e0-la-fabrique.02-jpg-300x201.jpg 300w, https:\/\/lesamisdevirebent.com\/wp-content\/uploads\/2013\/09\/Raymond-\u00e0-la-fabrique.02-jpg-768x516.jpg 768w, https:\/\/lesamisdevirebent.com\/wp-content\/uploads\/2013\/09\/Raymond-\u00e0-la-fabrique.02-jpg.jpg 800w\" sizes=\"auto, (max-width: 300px) 100vw, 300px\" \/><\/a><p id=\"caption-attachment-296\" class=\"wp-caption-text\">Raymond \u00e0 la Fabrique<\/p><\/div><\/p>\n","protected":false},"excerpt":{"rendered":"<p>27 mai 1874-6 octobre 1965 Fils a\u00een\u00e9 de Gaston Virebent, c\u00e9ramiste. Gaston Virebent fut toujours soucieux de l\u2019avenir de la manufacture et de la formation de ses enfants. Raymond eut pour pr\u00e9cepteur un ami de son p\u00e8re, le chanoine Auriol, &hellip; <a href=\"https:\/\/lesamisdevirebent.com\/?page_id=146\">Continuer la lecture <span class=\"meta-nav\">&rarr;<\/span><\/a><\/p>\n","protected":false},"author":1,"featured_media":0,"parent":132,"menu_order":8,"comment_status":"closed","ping_status":"closed","template":"","meta":{"_acf_changed":false,"footnotes":""},"class_list":["post-146","page","type-page","status-publish","hentry"],"acf":[],"_links":{"self":[{"href":"https:\/\/lesamisdevirebent.com\/index.php?rest_route=\/wp\/v2\/pages\/146","targetHints":{"allow":["GET"]}}],"collection":[{"href":"https:\/\/lesamisdevirebent.com\/index.php?rest_route=\/wp\/v2\/pages"}],"about":[{"href":"https:\/\/lesamisdevirebent.com\/index.php?rest_route=\/wp\/v2\/types\/page"}],"author":[{"embeddable":true,"href":"https:\/\/lesamisdevirebent.com\/index.php?rest_route=\/wp\/v2\/users\/1"}],"replies":[{"embeddable":true,"href":"https:\/\/lesamisdevirebent.com\/index.php?rest_route=%2Fwp%2Fv2%2Fcomments&post=146"}],"version-history":[{"count":0,"href":"https:\/\/lesamisdevirebent.com\/index.php?rest_route=\/wp\/v2\/pages\/146\/revisions"}],"up":[{"embeddable":true,"href":"https:\/\/lesamisdevirebent.com\/index.php?rest_route=\/wp\/v2\/pages\/132"}],"wp:attachment":[{"href":"https:\/\/lesamisdevirebent.com\/index.php?rest_route=%2Fwp%2Fv2%2Fmedia&parent=146"}],"curies":[{"name":"wp","href":"https:\/\/api.w.org\/{rel}","templated":true}]}}