{"id":151,"date":"2013-09-29T07:50:32","date_gmt":"2013-09-29T06:50:32","guid":{"rendered":"http:\/\/www.launaguet-virebent.com\/?page_id=151"},"modified":"2013-09-29T07:50:32","modified_gmt":"2013-09-29T06:50:32","slug":"publications","status":"publish","type":"page","link":"https:\/\/lesamisdevirebent.com\/?page_id=151","title":{"rendered":"Publications"},"content":{"rendered":"<p>Dans cette section du site, vous pourrez voir les publications qui ont \u00e9t\u00e9 effectu\u00e9es &#8211; ou sont soutenues &#8211; par l&#8217;association sur la dynastie des Virebent.<\/p>\n","protected":false},"excerpt":{"rendered":"<p>Dans cette section du site, vous pourrez voir les publications qui ont \u00e9t\u00e9 effectu\u00e9es &#8211; ou sont soutenues &#8211; par l&#8217;association sur la dynastie des Virebent.<\/p>\n","protected":false},"author":1,"featured_media":0,"parent":149,"menu_order":0,"comment_status":"closed","ping_status":"closed","template":"","meta":{"_acf_changed":false,"footnotes":""},"class_list":["post-151","page","type-page","status-publish","hentry"],"acf":[],"_links":{"self":[{"href":"https:\/\/lesamisdevirebent.com\/index.php?rest_route=\/wp\/v2\/pages\/151","targetHints":{"allow":["GET"]}}],"collection":[{"href":"https:\/\/lesamisdevirebent.com\/index.php?rest_route=\/wp\/v2\/pages"}],"about":[{"href":"https:\/\/lesamisdevirebent.com\/index.php?rest_route=\/wp\/v2\/types\/page"}],"author":[{"embeddable":true,"href":"https:\/\/lesamisdevirebent.com\/index.php?rest_route=\/wp\/v2\/users\/1"}],"replies":[{"embeddable":true,"href":"https:\/\/lesamisdevirebent.com\/index.php?rest_route=%2Fwp%2Fv2%2Fcomments&post=151"}],"version-history":[{"count":0,"href":"https:\/\/lesamisdevirebent.com\/index.php?rest_route=\/wp\/v2\/pages\/151\/revisions"}],"up":[{"embeddable":true,"href":"https:\/\/lesamisdevirebent.com\/index.php?rest_route=\/wp\/v2\/pages\/149"}],"wp:attachment":[{"href":"https:\/\/lesamisdevirebent.com\/index.php?rest_route=%2Fwp%2Fv2%2Fmedia&parent=151"}],"curies":[{"name":"wp","href":"https:\/\/api.w.org\/{rel}","templated":true}]}}