{"id":163,"date":"2013-10-08T17:00:46","date_gmt":"2013-10-08T16:00:46","guid":{"rendered":"http:\/\/www.launaguet-virebent.com\/?page_id=163"},"modified":"2020-03-27T15:15:42","modified_gmt":"2020-03-27T14:15:42","slug":"liste-des-lieux-inventories","status":"publish","type":"page","link":"https:\/\/lesamisdevirebent.com\/?page_id=163","title":{"rendered":"Liste des lieux inventori\u00e9s"},"content":{"rendered":"\n<p>Suite \u00e0 nos diff\u00e9rentes recherches, vous trouverez ci-dessous une premi\u00e8re liste de lieux o\u00f9 des oeuvres Virebent peuvent \u00eatre trouv\u00e9es. Cette liste est <em>tr\u00e8s loin<\/em> d&#8217;\u00eatre exhaustive et sera mise \u00e0 jour autant de fois que possible.<\/p>\n\n\n\n<figure class=\"wp-block-table\"><table class=\"\"><tbody><tr><td>04 270<\/td><td>Castellane<\/td><\/tr><tr><td>09 000<\/td><td>Foix<\/td><\/tr><tr><td>09 500<\/td><td>Lagarde<\/td><\/tr><tr><td>09 300<\/td><td>Lavelanet<\/td><\/tr><tr><td>09 130<\/td><td>Le Fossat<\/td><\/tr><tr><td>09 100<\/td><td>Madi\u00e8re<\/td><\/tr><tr><td>09 140<\/td><td>Oust<\/td><\/tr><tr><td>09 400<\/td><td>Tarascon-sur-Ari\u00e9ge<\/td><\/tr><tr><td>09 400<\/td><td>Ussat-les-Bains<\/td><\/tr><tr><td>09 140<\/td><td>Ustou<\/td><\/tr><tr><td>09 100<\/td><td>Villeneuve-du-Par\u00e9age<\/td><\/tr><tr><td>11 000<\/td><td>Carcassonne<\/td><\/tr><tr><td>11 200<\/td><td>L\u00e9zignan<\/td><\/tr><tr><td>11 300<\/td><td>Limoux<\/td><\/tr><tr><td>11 400<\/td><td>Mireval-Lauragais<\/td><\/tr><tr><td>11 170<\/td><td>Montolieu<\/td><\/tr><tr><td>11 100<\/td><td>Narbonne<\/td><\/tr><tr><td>11 410<\/td><td>Saint-Michel-de-Lan\u00e8s<\/td><\/tr><tr><td>12 200<\/td><td>Villefranche-de-Rouergue<\/td><\/tr><tr><td>12 260<\/td><td>Montsal\u00e8s<\/td><\/tr><tr><td>13 000<\/td><td>Marseille<\/td><\/tr><tr><td>16 000<\/td><td>Angoul\u00eame<\/td><\/tr><tr><td>16 100<\/td><td>Cognac<\/td><\/tr><tr><td>16 360<\/td><td>Cond\u00e9on<\/td><\/tr><tr><td>24 250<\/td><td>La &nbsp;Roque-Gageac<\/td><\/tr><tr><td>31 160<\/td><td>Aspet<\/td><\/tr><tr><td>31 140<\/td><td>Aucamville<\/td><\/tr><tr><td>31 380<\/td><td>Azas<\/td><\/tr><tr><td>31 110<\/td><td>Bagn\u00e8res-de-Luchon<\/td><\/tr><tr><td>31 130<\/td><td>Balma<\/td><\/tr><tr><td>31 850<\/td><td>Beaupuy<\/td><\/tr><tr><td>31 620<\/td><td>Bouloc<\/td><\/tr><tr><td>31 150<\/td><td>Brugui\u00e8res<\/td><\/tr><tr><td>31 660<\/td><td>Buzet-sur-Tarn<\/td><\/tr><tr><td>31 095<\/td><td>Cabanac-Cazaux<\/td><\/tr><tr><td>31 470<\/td><td>Cambernard<\/td><\/tr><tr><td>31 460<\/td><td>Caraman<\/td><\/tr><tr><td>31 390<\/td><td>Carbonne<\/td><\/tr><tr><td>31 780<\/td><td>Castelginest<\/td><\/tr><tr><td>31 180<\/td><td>Castelmaurou<\/td><\/tr><tr><td>31 620<\/td><td>Castelnau-d\u2019Estr\u00e9tefonds<\/td><\/tr><tr><td>31 220<\/td><td>Cazeres<\/td><\/tr><tr><td>31 620<\/td><td>Cepet<\/td><\/tr><tr><td>31 350<\/td><td>Ciadoux<\/td><\/tr><tr><td>31 140<\/td><td>Fontbeauzard<\/td><\/tr><tr><td>31 450<\/td><td>Fourqueveaux<\/td><\/tr><tr><td>31 150<\/td><td>Gagnac<\/td><\/tr><tr><td>31 290<\/td><td>Gardouch<\/td><\/tr><tr><td>31 870<\/td><td>Lagardelle-sur-L\u00e8ze<\/td><\/tr><tr><td>31 180<\/td><td>Lapeyrouse-Fossat<\/td><\/tr><tr><td>31 570<\/td><td>Lanta<\/td><\/tr><tr><td>31 140<\/td><td>Launaguet<\/td><\/tr><tr><td>31 410<\/td><td>Lavernose-Lacasse<\/td><\/tr><tr><td>31 530<\/td><td>L\u00e9vignac<\/td><\/tr><tr><td>31 600<\/td><td>L\u2019Isle-Jourdain<\/td><\/tr><tr><td>31 410<\/td><td>Mauzac<\/td><\/tr><tr><td>31 330<\/td><td>Merville<\/td><\/tr><tr><td>31 560<\/td><td>Monestrol<\/td><\/tr><tr><td>31 280<\/td><td>Mons<\/td><\/tr><tr><td>31 530<\/td><td>Montaigut-sur-Save<\/td><\/tr><tr><td>31 460<\/td><td>Mourvilles-Basses<\/td><\/tr><tr><td>31 330<\/td><td>Ondes<\/td><\/tr><tr><td>31 450<\/td><td>Odars<\/td><\/tr><tr><td>31 380<\/td><td>Paulhac<\/td><\/tr><tr><td>31 820<\/td><td>Pibrac<\/td><\/tr><tr><td>31 800<\/td><td>Pointis Inard<\/td><\/tr><tr><td>31 520<\/td><td>Ramonville-Saint-Agne<\/td><\/tr><tr><td>31 370<\/td><td>Rieumes<\/td><\/tr><tr><td>31 310<\/td><td>Rieux<\/td><\/tr><tr><td>31 570<\/td><td>Sainte-Foy-d\u2019Aigrefeuille<\/td><\/tr><tr><td>31 180<\/td><td>Saint-G\u00e9ni\u00e8s<\/td><\/tr><tr><td>31 240<\/td><td>Saint-Jean<\/td><\/tr><tr><td>31 790<\/td><td>Saint-Jory<\/td><\/tr><tr><td>31 540<\/td><td>Saint-Julia-de-Gras-Capou<\/td><\/tr><tr><td>31 590<\/td><td>Saint-Marcel-Paulel<\/td><\/tr><tr><td>31 300<\/td><td>Toulouse, Saint-Martin-du-Touch<\/td><\/tr><tr><td>31 560<\/td><td>Seyre<\/td><\/tr><tr><td>31 530<\/td><td>Thil<\/td><\/tr><tr><td>31 000<\/td><td>Toulouse<\/td><\/tr><tr><td>31 450<\/td><td>Varennes<\/td><\/tr><tr><td>31 810<\/td><td>Venerque<\/td><\/tr><tr><td>31 800<\/td><td>Villeneuve-de-Rivi\u00e8re<\/td><\/tr><tr><td>31 290<\/td><td>Villenouvelle<\/td><\/tr><tr><td>32 100<\/td><td>Condom<\/td><\/tr><tr><td>31 230<\/td><td>L\u2019Isle-en-Dodon<\/td><\/tr><tr><td>32 220<\/td><td>Lombez<\/td><\/tr><tr><td>32 130<\/td><td>Samatan<\/td><\/tr><tr><td>33 640<\/td><td>Arbanats<\/td><\/tr><tr><td>33 430<\/td><td>Bazas<\/td><\/tr><tr><td>33 410<\/td><td>Cadillac<\/td><\/tr><tr><td>33 210<\/td><td>Langon<\/td><\/tr><tr><td>33 310<\/td><td>Lormont<\/td><\/tr><tr><td>33 490<\/td><td>Verdelais<\/td><\/tr><tr><td>34 600<\/td><td>B\u00e9darieux<\/td><\/tr><tr><td>34 500<\/td><td>B\u00e9ziers<\/td><\/tr><tr><td>34 370<\/td><td>Cazouls-les-B\u00e9ziers<\/td><\/tr><tr><td>34 130<\/td><td>Lansargues<\/td><\/tr><tr><td>34 000<\/td><td>Montpellier<\/td><\/tr><tr><td>34 120<\/td><td>P\u00e9zenas<\/td><\/tr><tr><td>38 690<\/td><td>Ch\u00e2bons<\/td><\/tr><tr><td>40 180<\/td><td>Buglose<\/td><\/tr><tr><td>40 110<\/td><td>Onesse-et-Laharie<\/td><\/tr><tr><td>47 260<\/td><td>Castelmoron-sur-Lot<\/td><\/tr><tr><td>40 310<\/td><td>Gabarret<\/td><\/tr><tr><td>40 180<\/td><td>Hinx<\/td><\/tr><tr><td>40 900<\/td><td>Saint-Vincent-de-Paul<\/td><\/tr><tr><td>47 000<\/td><td>Agen<\/td><\/tr><tr><td>82 340<\/td><td>Auvillar<\/td><\/tr><tr><td>47 130<\/td><td>Bruch<\/td><\/tr><tr><td>47 140<\/td><td>Penne-d&#8217;Agenais<\/td><\/tr><tr><td>47 250<\/td><td>Cocumont<\/td><\/tr><tr><td>47 500<\/td><td>Cuzorn<\/td><\/tr><tr><td>47 600<\/td><td>Francescas<\/td><\/tr><tr><td>47 600<\/td><td>Gontaud-le-Nogaret<\/td><\/tr><tr><td>47 180<\/td><td>Lagupie<\/td><\/tr><tr><td>47 410<\/td><td>Lauzun<\/td><\/tr><tr><td>47 600<\/td><td>N\u00e9rac<\/td><\/tr><tr><td>47 140<\/td><td>Penne-d\u2019Agenais<\/td><\/tr><tr><td>47 130<\/td><td>Saint-Laurent<\/td><\/tr><tr><td>47 170<\/td><td>Sainte-Maure-de-Peyriac<\/td><\/tr><tr><td>47 300<\/td><td>Villeneuve-sur-Lot<\/td><\/tr><tr><td>64 500<\/td><td>Ciboure<\/td><\/tr><tr><td>64 480<\/td><td>Larressore<\/td><\/tr><tr><td>64 000<\/td><td>Pau<\/td><\/tr><tr><td>65 240<\/td><td>Guchen<\/td><\/tr><tr><td>66 000<\/td><td>Perpignan<\/td><\/tr><tr><td>81 000<\/td><td>Albi<\/td><\/tr><tr><td>81 390<\/td><td>Briatexte<\/td><\/tr><tr><td>81 300<\/td><td>Graulhet<\/td><\/tr><tr><td>81 500<\/td><td>Lavaur<\/td><\/tr><tr><td>81 310<\/td><td>L&#8217;isle-sur-Tarn<\/td><\/tr><tr><td>81470<\/td><td>Montgey<\/td><\/tr><tr><td>81 360<\/td><td>Montredon-Labessonni\u00e9<\/td><\/tr><tr><td>81 700<\/td><td>Puylaurens<\/td><\/tr><tr><td>81 800<\/td><td>Rabastens<\/td><\/tr><tr><td>82 340<\/td><td>Auvillar<\/td><\/tr><tr><td>82 300<\/td><td>Caussade<\/td><\/tr><tr><td>82 100<\/td><td>Castelferrus<\/td><\/tr><tr><td>82 100<\/td><td>Castelsarrasin<\/td><\/tr><tr><td>82 160<\/td><td>Caylus, La Maline<\/td><\/tr><tr><td>82 170<\/td><td>Grisolles<\/td><\/tr><tr><td>82 130<\/td><td>Lafran\u00e7aise<\/td><\/tr><tr><td>82 600<\/td><td>Mas-Grenier<\/td><\/tr><tr><td>82 200<\/td><td>Moissac<\/td><\/tr><tr><td>82 000<\/td><td>Montauban<\/td><\/tr><tr><td>82 700<\/td><td>Montech<\/td><\/tr><tr><td>82 160<\/td><td>Mouillac<\/td><\/tr><tr><td>82 170<\/td><td>Pompignan<\/td><\/tr><tr><td>82 600<\/td><td>Verdun-sur-Garonne<\/td><\/tr><tr><td>82 400<\/td><td>Valence-d&#8217;Agen<\/td><\/tr><tr><td>82 500<\/td><td>Vigueron<\/td><\/tr><tr><td>82 370<\/td><td>Villebrumier<\/td><\/tr><tr><td>82 130<\/td><td>Villemade<\/td><\/tr><tr><td>84 100<\/td><td>Orange<\/td><\/tr><tr><td>84 300<\/td><td>Cavaillon<\/td><\/tr><tr><td>92 190<\/td><td>Meudon<\/td><\/tr><tr><td>97 400<\/td><td>Saint-Denis-de-la-R\u00e9union<\/td><\/tr><tr><td>97 100<\/td><td>Basse-Terre, Guadeloupe<\/td><\/tr><tr><td>99<\/td><td>&nbsp;Alger, Alg\u00e9rie<\/td><\/tr><tr><td>99<\/td><td>&nbsp;Oran, Alg\u00e9rie<\/td><\/tr><\/tbody><\/table><\/figure>\n","protected":false},"excerpt":{"rendered":"<p>Suite \u00e0 nos diff\u00e9rentes recherches, vous trouverez ci-dessous une premi\u00e8re liste de lieux o\u00f9 des oeuvres Virebent peuvent \u00eatre trouv\u00e9es. Cette liste est tr\u00e8s loin d&#8217;\u00eatre exhaustive et sera mise \u00e0 jour autant de fois que possible. 04 270 Castellane &hellip; <a href=\"https:\/\/lesamisdevirebent.com\/?page_id=163\">Continuer la lecture <span class=\"meta-nav\">&rarr;<\/span><\/a><\/p>\n","protected":false},"author":1,"featured_media":0,"parent":41,"menu_order":2,"comment_status":"open","ping_status":"open","template":"","meta":{"_acf_changed":false,"footnotes":""},"class_list":["post-163","page","type-page","status-publish","hentry"],"acf":[],"_links":{"self":[{"href":"https:\/\/lesamisdevirebent.com\/index.php?rest_route=\/wp\/v2\/pages\/163","targetHints":{"allow":["GET"]}}],"collection":[{"href":"https:\/\/lesamisdevirebent.com\/index.php?rest_route=\/wp\/v2\/pages"}],"about":[{"href":"https:\/\/lesamisdevirebent.com\/index.php?rest_route=\/wp\/v2\/types\/page"}],"author":[{"embeddable":true,"href":"https:\/\/lesamisdevirebent.com\/index.php?rest_route=\/wp\/v2\/users\/1"}],"replies":[{"embeddable":true,"href":"https:\/\/lesamisdevirebent.com\/index.php?rest_route=%2Fwp%2Fv2%2Fcomments&post=163"}],"version-history":[{"count":4,"href":"https:\/\/lesamisdevirebent.com\/index.php?rest_route=\/wp\/v2\/pages\/163\/revisions"}],"predecessor-version":[{"id":1063,"href":"https:\/\/lesamisdevirebent.com\/index.php?rest_route=\/wp\/v2\/pages\/163\/revisions\/1063"}],"up":[{"embeddable":true,"href":"https:\/\/lesamisdevirebent.com\/index.php?rest_route=\/wp\/v2\/pages\/41"}],"wp:attachment":[{"href":"https:\/\/lesamisdevirebent.com\/index.php?rest_route=%2Fwp%2Fv2%2Fmedia&parent=163"}],"curies":[{"name":"wp","href":"https:\/\/api.w.org\/{rel}","templated":true}]}}