{"id":264,"date":"2014-02-10T17:42:14","date_gmt":"2014-02-10T16:42:14","guid":{"rendered":"http:\/\/www.launaguet-virebent.com\/?page_id=264"},"modified":"2014-02-10T17:42:14","modified_gmt":"2014-02-10T16:42:14","slug":"jean-francois-1702-1776","status":"publish","type":"page","link":"https:\/\/lesamisdevirebent.com\/?page_id=264","title":{"rendered":"Jean-Fran\u00e7ois (1702-1776)"},"content":{"rendered":"<p>Notaire, contr\u00f4leur g\u00e9n\u00e9ral de la ville jusqu&#8217;\u00e0 son d\u00e9c\u00e8s.<br \/>\nMari\u00e9 \u00e0 Jeanne-Marie Lacoste dont il eut 7 enfants.<br \/>\nTrois d&#8217;entre eux particip\u00e8rent directement \u00e0 l&#8217;histoire urbaine de la ville \u00e0 savoir :<\/p>\n<ul>\n<li>Jean-Fran\u00e7ois Antoine dit fils a\u00een\u00e9 et Jean-Fran\u00e7ois qui furent g\u00e9om\u00e8tres arpenteurs<\/li>\n<li>Jacques-Pascal, architecte de la ville.<\/li>\n<\/ul>\n","protected":false},"excerpt":{"rendered":"<p>Notaire, contr\u00f4leur g\u00e9n\u00e9ral de la ville jusqu&#8217;\u00e0 son d\u00e9c\u00e8s. Mari\u00e9 \u00e0 Jeanne-Marie Lacoste dont il eut 7 enfants. Trois d&#8217;entre eux particip\u00e8rent directement \u00e0 l&#8217;histoire urbaine de la ville \u00e0 savoir : Jean-Fran\u00e7ois Antoine dit fils a\u00een\u00e9 et Jean-Fran\u00e7ois qui &hellip; <a href=\"https:\/\/lesamisdevirebent.com\/?page_id=264\">Continuer la lecture <span class=\"meta-nav\">&rarr;<\/span><\/a><\/p>\n","protected":false},"author":1,"featured_media":0,"parent":132,"menu_order":0,"comment_status":"closed","ping_status":"closed","template":"","meta":{"_acf_changed":false,"footnotes":""},"class_list":["post-264","page","type-page","status-publish","hentry"],"acf":[],"_links":{"self":[{"href":"https:\/\/lesamisdevirebent.com\/index.php?rest_route=\/wp\/v2\/pages\/264","targetHints":{"allow":["GET"]}}],"collection":[{"href":"https:\/\/lesamisdevirebent.com\/index.php?rest_route=\/wp\/v2\/pages"}],"about":[{"href":"https:\/\/lesamisdevirebent.com\/index.php?rest_route=\/wp\/v2\/types\/page"}],"author":[{"embeddable":true,"href":"https:\/\/lesamisdevirebent.com\/index.php?rest_route=\/wp\/v2\/users\/1"}],"replies":[{"embeddable":true,"href":"https:\/\/lesamisdevirebent.com\/index.php?rest_route=%2Fwp%2Fv2%2Fcomments&post=264"}],"version-history":[{"count":0,"href":"https:\/\/lesamisdevirebent.com\/index.php?rest_route=\/wp\/v2\/pages\/264\/revisions"}],"up":[{"embeddable":true,"href":"https:\/\/lesamisdevirebent.com\/index.php?rest_route=\/wp\/v2\/pages\/132"}],"wp:attachment":[{"href":"https:\/\/lesamisdevirebent.com\/index.php?rest_route=%2Fwp%2Fv2%2Fmedia&parent=264"}],"curies":[{"name":"wp","href":"https:\/\/api.w.org\/{rel}","templated":true}]}}