{"id":346,"date":"2014-04-06T11:39:23","date_gmt":"2014-04-06T10:39:23","guid":{"rendered":"http:\/\/www.launaguet-virebent.com\/?page_id=346"},"modified":"2025-09-06T14:28:12","modified_gmt":"2025-09-06T12:28:12","slug":"bureau-de-lassociation","status":"publish","type":"page","link":"https:\/\/lesamisdevirebent.com\/?page_id=346","title":{"rendered":"Bureau de l&#039;association"},"content":{"rendered":"\n\n\n<p>Suite \u00e0 l&#8217;Assembl\u00e9e G\u00e9n\u00e9rale ordinaire du 22 Mai 2025, le bureau de l&#8217;Association est compos\u00e9 des personnes suivantes :<br><\/p>\n\n\n\n<ul class=\"wp-block-list\">\n<li>Pr\u00e9sidente : Chantal du PUY de GOYNE<\/li>\n\n\n\n<li>Vice-Pr\u00e9sident : Alain THEY<\/li>\n\n\n\n<li>Secr\u00e9taire : Brigitte COSSET<\/li>\n\n\n\n<li>Tr\u00e9sorier et Webmaster : Arnaud POISSON<\/li>\n\n\n\n<li>Historienne : Nelly DESSEAUX<\/li>\n\n\n\n<li>Sabine DASTARAC<\/li>\n\n\n\n<li>Maria Pia M. <\/li>\n\n\n\n<li>Pauline JUNG<\/li>\n\n\n\n<li>Marie Christine BRAILLARD<\/li>\n\n\n\n<li>Martine DELSOL<\/li>\n\n\n\n<li>Jean de PUYBUSQUE<\/li>\n<\/ul>\n","protected":false},"excerpt":{"rendered":"<p>Suite \u00e0 l&#8217;Assembl\u00e9e G\u00e9n\u00e9rale ordinaire du 22 Mai 2025, le bureau de l&#8217;Association est compos\u00e9 des personnes suivantes :<\/p>\n","protected":false},"author":1,"featured_media":0,"parent":149,"menu_order":3,"comment_status":"closed","ping_status":"closed","template":"","meta":{"_acf_changed":false,"footnotes":""},"class_list":["post-346","page","type-page","status-publish","hentry"],"acf":[],"_links":{"self":[{"href":"https:\/\/lesamisdevirebent.com\/index.php?rest_route=\/wp\/v2\/pages\/346","targetHints":{"allow":["GET"]}}],"collection":[{"href":"https:\/\/lesamisdevirebent.com\/index.php?rest_route=\/wp\/v2\/pages"}],"about":[{"href":"https:\/\/lesamisdevirebent.com\/index.php?rest_route=\/wp\/v2\/types\/page"}],"author":[{"embeddable":true,"href":"https:\/\/lesamisdevirebent.com\/index.php?rest_route=\/wp\/v2\/users\/1"}],"replies":[{"embeddable":true,"href":"https:\/\/lesamisdevirebent.com\/index.php?rest_route=%2Fwp%2Fv2%2Fcomments&post=346"}],"version-history":[{"count":2,"href":"https:\/\/lesamisdevirebent.com\/index.php?rest_route=\/wp\/v2\/pages\/346\/revisions"}],"predecessor-version":[{"id":1309,"href":"https:\/\/lesamisdevirebent.com\/index.php?rest_route=\/wp\/v2\/pages\/346\/revisions\/1309"}],"up":[{"embeddable":true,"href":"https:\/\/lesamisdevirebent.com\/index.php?rest_route=\/wp\/v2\/pages\/149"}],"wp:attachment":[{"href":"https:\/\/lesamisdevirebent.com\/index.php?rest_route=%2Fwp%2Fv2%2Fmedia&parent=346"}],"curies":[{"name":"wp","href":"https:\/\/api.w.org\/{rel}","templated":true}]}}