{"id":348,"date":"2014-04-06T12:00:24","date_gmt":"2014-04-06T11:00:24","guid":{"rendered":"http:\/\/www.launaguet-virebent.com\/?page_id=348"},"modified":"2014-04-06T12:00:24","modified_gmt":"2014-04-06T11:00:24","slug":"les-gazettes-de-miremont","status":"publish","type":"page","link":"https:\/\/lesamisdevirebent.com\/?page_id=348","title":{"rendered":"Les Gazettes de Miremont"},"content":{"rendered":"<p>Entre 2010 et 2011, l&#8217;Association a fait para\u00eetre &#8220;La Gazette de Miremont&#8221; .<br \/>\nCette parution mensuelle \u00e9clairait le lecteur sur diff\u00e9rents aspects de l&#8217;\u0153uvre des Virebent en \u00e9largissant parfois sur la vie des associations voire d&#8217;autres sujets.<br \/>\nVous trouverez ci-dessous les diff\u00e9rents sujets abord\u00e9s par les 14 Gazettes :<br \/>\n&#8211;<span style=\"text-decoration: underline;\">N\u00b01 : 15\/03\/2010 :Article principal :<\/span><br \/>\n&#8220;Quand l\u2019urbanisation menace le patrimoine : le BUN dans sa travers\u00e9e de Launaguet<br \/>\n&#8211; <span style=\"text-decoration: underline;\">N\u00b02 : 15\/04\/2010<\/span><br \/>\n&#8220;Les Virebent au coeur du renouveau urbanistique, architectural et artistique du XIXe si\u00e8cle toulousain&#8221;<br \/>\n&#8211; <span style=\"text-decoration: underline;\">N\u00b03 : 15\/05\/2010 : Suite de la Gazette pr\u00e9c\u00e9dente<\/span><br \/>\n&#8220;Les Virebent au coeur du renouveau urbanistique, architectural et artistique du XIXe si\u00e8cle toulousain&#8221;<br \/>\n<em>II Un atelier de cr\u00e9ation industrielle sophistiqu\u00e9e<\/em><br \/>\n&#8211;<span style=\"text-decoration: underline;\">N\u00b04 : 15\/06\/2010 : Suite et fin<\/span><br \/>\n&#8220;Les Virebent au coeur du renouveau urbanistique, architectural et artistique du XIXe si\u00e8cle toulousain&#8221;<br \/>\n<em>III Virebent Fr\u00e8res &#8220;Entreprise g\u00e9n\u00e9rale&#8221;<\/em><br \/>\n&#8211; <span style=\"text-decoration: underline;\">N\u00b05 : 15\/09\/2010 : Launaguet Sp\u00e9cial &#8220;Ch\u00e2teau&#8221;<\/span><br \/>\nRestauration du patrimoine communal 1<br \/>\n&#8211; <span style=\"text-decoration: underline;\">N\u00b06 : 15\/10\/2010 : Gaston l&#8217;Africain<\/span><br \/>\nRestauration de la Basilique Notre Dame d&#8217;Afrique \u00e0 Alger<br \/>\n&#8211; <span style=\"text-decoration: underline;\">N\u00b07 : 15\/11\/2010 :<\/span><br \/>\n&#8220;Association, Fondations et fonds de dotation&#8221;<br \/>\n&#8211; <span style=\"text-decoration: underline;\">N\u00b08 : 15\/12\/2010 : Launaguet Sp\u00e9cial &#8220;L&#8217;Eglise&#8221;<\/span><br \/>\nRestauration du patrimoine communal 2<br \/>\n&#8211; <span style=\"text-decoration: underline;\">N\u00b09 : 15\/01\/2011 :<\/span><br \/>\nUne chapelle Virebent \u00e0 Larressore -1<br \/>\n&#8211; <span style=\"text-decoration: underline;\">N\u00b010 : 15\/02\/2011 :<\/span><br \/>\nUne chapelle Virebent \u00e0 Larressore -2<br \/>\n&#8211; <span style=\"text-decoration: underline;\">N\u00b011 : 15\/03\/2011 :<\/span><br \/>\nUne chapelle Virebent \u00e0 Larressore -3<br \/>\n&#8211; <span style=\"text-decoration: underline;\">N\u00b012 : 15\/04\/2011 :<\/span><br \/>\nUne chapelle Virebent \u00e0 Larressore -4<br \/>\n&#8211; <span style=\"text-decoration: underline;\">N\u00b013 : 15\/05\/2011 :<\/span><br \/>\nUne chapelle Virebent \u00e0 Larressore -5<br \/>\n<em>Visite guid\u00e9e de la chapelle<\/em><br \/>\n&#8211; <span style=\"text-decoration: underline;\">N\u00b014 : 15\/06\/2011 :<\/span><br \/>\nUne chapelle Virebent \u00e0 Larressore -6<br \/>\n<em>Visite guid\u00e9e de la chapelle : les petits d\u00e9tails<\/em><br \/>\nContactez-nous si vous souhaitez obtenir une de ces gazettes.<\/p>\n","protected":false},"excerpt":{"rendered":"<p>Entre 2010 et 2011, l&#8217;Association a fait para\u00eetre &#8220;La Gazette de Miremont&#8221; . Cette parution mensuelle \u00e9clairait le lecteur sur diff\u00e9rents aspects de l&#8217;\u0153uvre des Virebent en \u00e9largissant parfois sur la vie des associations voire d&#8217;autres sujets. Vous trouverez ci-dessous &hellip; <a href=\"https:\/\/lesamisdevirebent.com\/?page_id=348\">Continuer la lecture <span class=\"meta-nav\">&rarr;<\/span><\/a><\/p>\n","protected":false},"author":1,"featured_media":0,"parent":151,"menu_order":4,"comment_status":"closed","ping_status":"closed","template":"","meta":{"_acf_changed":false,"footnotes":""},"class_list":["post-348","page","type-page","status-publish","hentry"],"acf":[],"_links":{"self":[{"href":"https:\/\/lesamisdevirebent.com\/index.php?rest_route=\/wp\/v2\/pages\/348","targetHints":{"allow":["GET"]}}],"collection":[{"href":"https:\/\/lesamisdevirebent.com\/index.php?rest_route=\/wp\/v2\/pages"}],"about":[{"href":"https:\/\/lesamisdevirebent.com\/index.php?rest_route=\/wp\/v2\/types\/page"}],"author":[{"embeddable":true,"href":"https:\/\/lesamisdevirebent.com\/index.php?rest_route=\/wp\/v2\/users\/1"}],"replies":[{"embeddable":true,"href":"https:\/\/lesamisdevirebent.com\/index.php?rest_route=%2Fwp%2Fv2%2Fcomments&post=348"}],"version-history":[{"count":0,"href":"https:\/\/lesamisdevirebent.com\/index.php?rest_route=\/wp\/v2\/pages\/348\/revisions"}],"up":[{"embeddable":true,"href":"https:\/\/lesamisdevirebent.com\/index.php?rest_route=\/wp\/v2\/pages\/151"}],"wp:attachment":[{"href":"https:\/\/lesamisdevirebent.com\/index.php?rest_route=%2Fwp%2Fv2%2Fmedia&parent=348"}],"curies":[{"name":"wp","href":"https:\/\/api.w.org\/{rel}","templated":true}]}}