{"id":519,"date":"2016-01-30T14:34:10","date_gmt":"2016-01-30T13:34:10","guid":{"rendered":"http:\/\/www.launaguet-virebent.com\/?page_id=519"},"modified":"2016-01-30T14:34:10","modified_gmt":"2016-01-30T13:34:10","slug":"livre-2015-la-dynastie-virebent-une-histoire-de-terre","status":"publish","type":"page","link":"https:\/\/lesamisdevirebent.com\/?page_id=519","title":{"rendered":"Livre 2015 \u00ab La Dynastie Virebent : une histoire de terre \u00bb"},"content":{"rendered":"<p>En Octobre 2015 est paru le livre &#8220;La Dynastie Virebent : une histoire de terre&#8221;.<br \/>\n<a href=\"https:\/\/lesamisdevirebent.com\/wp-content\/uploads\/2013\/09\/Livre-Virebent-2015.jpg\"><img loading=\"lazy\" decoding=\"async\" class=\"aligncenter size-medium wp-image-503\" src=\"https:\/\/lesamisdevirebent.com\/wp-content\/uploads\/2013\/09\/Livre-Virebent-2015-300x276.jpg\" alt=\"Livre Virebent 2015\" width=\"300\" height=\"276\" srcset=\"https:\/\/lesamisdevirebent.com\/wp-content\/uploads\/2013\/09\/Livre-Virebent-2015-300x276.jpg 300w, https:\/\/lesamisdevirebent.com\/wp-content\/uploads\/2013\/09\/Livre-Virebent-2015-768x706.jpg 768w, https:\/\/lesamisdevirebent.com\/wp-content\/uploads\/2013\/09\/Livre-Virebent-2015.jpg 1000w\" sizes=\"auto, (max-width: 300px) 100vw, 300px\" \/><\/a><br \/>\nEcrit par Nelly Desseaux, ce livre raconte la saga des Virebent en citant leurs oeuvres les plus fameuses.<br \/>\n<span style=\"display: inline !important; float: none; background-color: transparent; color: #444444; font-family: Georgia,'Bitstream Charter',serif; font-size: 16px; font-style: normal; font-variant: normal; font-weight: 400; letter-spacing: normal; line-height: 24px; orphans: 2; text-align: left; text-decoration: none; text-indent: 0px; text-transform: none; -webkit-text-stroke-width: 0px; white-space: pre-wrap; word-spacing: 0px;\">Ce livre est d\u00e9sormais \u00e9puis\u00e9 chez l&#8217;\u00e9diteur. Vous pourrez peut-\u00eatre le trouver dans une librairie toulousaine (<span style=\"display: inline !important; float: none; background-color: transparent; color: #444444; cursor: text; font-family: Georgia,'Bitstream Charter',serif; font-size: 16px; font-style: normal; font-variant: normal; font-weight: 400; letter-spacing: normal; line-height: 24px; orphans: 2; text-align: left; text-decoration: none; text-indent: 0px; text-transform: none; -webkit-text-stroke-width: 0px; white-space: normal; word-spacing: 0px;\">Ombres Blanches, Privat <\/span>&#8230; ). N\u00e9anmoins, vous devriez tenter votre chance sur les sites de vente de livres d&#8217;occasion.<\/span><br \/>\nSuite \u00e0 la parution de ce livre, l&#8217;auteur Nelly Desseaux a fait quelques conf\u00e9rences \u00e0 ce sujet. Vous pourrez suivre ci-dessous celle qui a eu lieu \u00e0 la M\u00e9diath\u00e8que de Toulouse en Janvier 2016 :<br \/>\n<iframe loading=\"lazy\" title=\"Conf\u00e9rence : La dynastie des Virebent, par Nelly Desseux-They\" frameborder=\"0\" width=\"640\" height=\"480\" src=\"https:\/\/geo.dailymotion.com\/player.html?video=x3nssai&#038;\" allowfullscreen allow=\"autoplay; fullscreen; picture-in-picture; web-share\"><\/iframe><br \/>\n<em>Copyright<\/em><br \/>\nAssociation &#8220;Patrimoine et paysage \u00e0 Launaguet&#8221;<br \/>\nM\u00e9diath\u00e8que Jos\u00e9 Cabanis (Toulouse)<\/p>\n","protected":false},"excerpt":{"rendered":"<p>En Octobre 2015 est paru le livre &#8220;La Dynastie Virebent : une histoire de terre&#8221;. Ecrit par Nelly Desseaux, ce livre raconte la saga des Virebent en citant leurs oeuvres les plus fameuses. Ce livre est d\u00e9sormais \u00e9puis\u00e9 chez l&#8217;\u00e9diteur. &hellip; <a href=\"https:\/\/lesamisdevirebent.com\/?page_id=519\">Continuer la lecture <span class=\"meta-nav\">&rarr;<\/span><\/a><\/p>\n","protected":false},"author":1,"featured_media":0,"parent":151,"menu_order":2,"comment_status":"closed","ping_status":"closed","template":"","meta":{"_acf_changed":false,"footnotes":""},"class_list":["post-519","page","type-page","status-publish","hentry"],"acf":[],"_links":{"self":[{"href":"https:\/\/lesamisdevirebent.com\/index.php?rest_route=\/wp\/v2\/pages\/519","targetHints":{"allow":["GET"]}}],"collection":[{"href":"https:\/\/lesamisdevirebent.com\/index.php?rest_route=\/wp\/v2\/pages"}],"about":[{"href":"https:\/\/lesamisdevirebent.com\/index.php?rest_route=\/wp\/v2\/types\/page"}],"author":[{"embeddable":true,"href":"https:\/\/lesamisdevirebent.com\/index.php?rest_route=\/wp\/v2\/users\/1"}],"replies":[{"embeddable":true,"href":"https:\/\/lesamisdevirebent.com\/index.php?rest_route=%2Fwp%2Fv2%2Fcomments&post=519"}],"version-history":[{"count":0,"href":"https:\/\/lesamisdevirebent.com\/index.php?rest_route=\/wp\/v2\/pages\/519\/revisions"}],"up":[{"embeddable":true,"href":"https:\/\/lesamisdevirebent.com\/index.php?rest_route=\/wp\/v2\/pages\/151"}],"wp:attachment":[{"href":"https:\/\/lesamisdevirebent.com\/index.php?rest_route=%2Fwp%2Fv2%2Fmedia&parent=519"}],"curies":[{"name":"wp","href":"https:\/\/api.w.org\/{rel}","templated":true}]}}