{"id":55,"date":"2013-05-17T08:28:32","date_gmt":"2013-05-17T07:28:32","guid":{"rendered":"http:\/\/www.launaguet-virebent.com\/Dev\/?page_id=55"},"modified":"2026-04-11T13:56:24","modified_gmt":"2026-04-11T11:56:24","slug":"methode-de-linventaire","status":"publish","type":"page","link":"https:\/\/lesamisdevirebent.com\/?page_id=55","title":{"rendered":"Methode de l&#039;inventaire"},"content":{"rendered":"\n<p>L\u2019inventaire des oeuvres Virebent est une op\u00e9ration interne\u00a0\u00e0 l\u2019association.<br>Pour cela, une s\u00e9rie de fiches est cr\u00e9\u00e9e\u00a0sur le mod\u00e8le des fiches de l\u2019Inventaire g\u00e9n\u00e9ral du Patrimoine.<\/p>\n\n\n\n<ul class=\"wp-block-list\">\n<li><strong>&nbsp;Fiches Immeubles:<\/strong>&nbsp;B\u00e2timents comprenant des terre cuite issues de la manufacture dont Auguste Virebent peut \u00eatre l\u2019architecte (h\u00f4tel Mi\u00e8geville) ou le restaurateur (Ch\u00e2teau de Launaguet), mais aussi des b\u00e2timents dont l\u2019architecte connu ou inconnu a utilis\u00e9 les produits de la manufacture pour embellir ses constructions.<\/li>\n<\/ul>\n\n\n\n<ul class=\"wp-block-list\">\n<li><strong>Fiches Mobilier: <\/strong>Objets dont les Virebent sont les auteurs, qu\u2019il s\u2019agisse de d\u00e9cor int\u00e9rieur (panneaux d\u00e9coratifs, statuaire) ou ext\u00e9rieur (ornement de jardin). Les statues isol\u00e9es, bien que fix\u00e9es sur des socles ma\u00e7onn\u00e9s sont dans cette cat\u00e9gorie ( Vierge \u00e0 l\u2019enfant d\u2019Auvillar).<\/li>\n<\/ul>\n\n\n\n<ul class=\"wp-block-list\">\n<li><strong>Fiches Catalogue: <\/strong>Les diff\u00e9rents catalogues connus de la manufacture ont \u00e9t\u00e9 regroup\u00e9s et chaque ornement d\u00e9coup\u00e9 et mis en fiche indiquant ses dimensions, sont prix, ses variantes, l\u2019historique de sa cr\u00e9ation (sculpteur, date, ou date de sa premi\u00e8re apparition), les diff\u00e9rents catalogues ou il apparait, les mod\u00e8les qui ont pu servir \u00e0 sa cr\u00e9ation. Attention&nbsp;! toutes les productions des ateliers Virebent (plus de 4000) ne figurent pas dans les catalogues connus. Nous n\u2019avons pu en recenser qu\u2019environ 1200.<\/li>\n<\/ul>\n\n\n\n<p>Les diff\u00e9rentes fiches Immeubles, Mobilier, et Catalogue peuvent \u00eatre li\u00e9es&nbsp;: exemple&nbsp;: \u00e0 la fin de la fiche du Ch\u00e2teau de Launaguet vous trouverez en lien le dressoir, le canap\u00e9, la chaise qui figurent parmi le mobilier. Vous trouverez aussi en lien, toujours \u00e0 la fin de la fiche, les principaux \u00e9l\u00e9ments moul\u00e9s qui ornent le ch\u00e2teau et figurent dans les catalogues de la manufacture.<\/p>\n\n\n\n<p>Ces fiches sont en cours de cr\u00e9ation et susceptibles de modifications au fil de nos recherches, certaines sont disponibles sous l\u2019onglet <strong>base de donn\u00e9es<\/strong>.<\/p>\n\n\n\n<p>Les d\u00e9cors int\u00e9rieurs ne sont visibles que s\u2019ils sont habituellement visibles par le public (b\u00e2timent publics -th\u00e9\u00e2tre Saint-Louis-, chambres d\u2019h\u00f4tes-ch\u00e2teau de Sibra-, b\u00e2timents ouverts r\u00e9guli\u00e8rement pour des manifestations).<\/p>\n\n\n\n<figure class=\"wp-block-image size-full\"><img loading=\"lazy\" decoding=\"async\" width=\"515\" height=\"600\" src=\"https:\/\/lesamisdevirebent.com\/wp-content\/uploads\/2013\/05\/Griffon-Virebent.jpg\" alt=\"\" class=\"wp-image-80\" srcset=\"https:\/\/lesamisdevirebent.com\/wp-content\/uploads\/2013\/05\/Griffon-Virebent.jpg 515w, https:\/\/lesamisdevirebent.com\/wp-content\/uploads\/2013\/05\/Griffon-Virebent-258x300.jpg 258w\" sizes=\"auto, (max-width: 515px) 100vw, 515px\" \/><figcaption class=\"wp-element-caption\">Griffon Virebent<\/figcaption><\/figure>\n","protected":false},"excerpt":{"rendered":"<p>L\u2019inventaire des oeuvres Virebent est une op\u00e9ration interne\u00a0\u00e0 l\u2019association.Pour cela, une s\u00e9rie de fiches est cr\u00e9\u00e9e\u00a0sur le mod\u00e8le des fiches de l\u2019Inventaire g\u00e9n\u00e9ral du Patrimoine. Les diff\u00e9rentes fiches Immeubles, Mobilier, et Catalogue peuvent \u00eatre li\u00e9es&nbsp;: exemple&nbsp;: \u00e0 la fin de &hellip; <a href=\"https:\/\/lesamisdevirebent.com\/?page_id=55\">Continuer la lecture <span class=\"meta-nav\">&rarr;<\/span><\/a><\/p>\n","protected":false},"author":1,"featured_media":0,"parent":41,"menu_order":0,"comment_status":"closed","ping_status":"closed","template":"","meta":{"_acf_changed":false,"footnotes":""},"class_list":["post-55","page","type-page","status-publish","hentry"],"acf":[],"_links":{"self":[{"href":"https:\/\/lesamisdevirebent.com\/index.php?rest_route=\/wp\/v2\/pages\/55","targetHints":{"allow":["GET"]}}],"collection":[{"href":"https:\/\/lesamisdevirebent.com\/index.php?rest_route=\/wp\/v2\/pages"}],"about":[{"href":"https:\/\/lesamisdevirebent.com\/index.php?rest_route=\/wp\/v2\/types\/page"}],"author":[{"embeddable":true,"href":"https:\/\/lesamisdevirebent.com\/index.php?rest_route=\/wp\/v2\/users\/1"}],"replies":[{"embeddable":true,"href":"https:\/\/lesamisdevirebent.com\/index.php?rest_route=%2Fwp%2Fv2%2Fcomments&post=55"}],"version-history":[{"count":3,"href":"https:\/\/lesamisdevirebent.com\/index.php?rest_route=\/wp\/v2\/pages\/55\/revisions"}],"predecessor-version":[{"id":15478,"href":"https:\/\/lesamisdevirebent.com\/index.php?rest_route=\/wp\/v2\/pages\/55\/revisions\/15478"}],"up":[{"embeddable":true,"href":"https:\/\/lesamisdevirebent.com\/index.php?rest_route=\/wp\/v2\/pages\/41"}],"wp:attachment":[{"href":"https:\/\/lesamisdevirebent.com\/index.php?rest_route=%2Fwp%2Fv2%2Fmedia&parent=55"}],"curies":[{"name":"wp","href":"https:\/\/api.w.org\/{rel}","templated":true}]}}