{"id":722,"date":"2018-02-04T09:32:28","date_gmt":"2018-02-04T08:32:28","guid":{"rendered":"http:\/\/www.launaguet-virebent.com\/?page_id=722"},"modified":"2018-02-04T09:32:28","modified_gmt":"2018-02-04T08:32:28","slug":"les-cahiers-de-gaston","status":"publish","type":"page","link":"https:\/\/lesamisdevirebent.com\/?page_id=722","title":{"rendered":"Les Cahiers de Gaston"},"content":{"rendered":"<p>Gaston Virebent \u00e9tait int\u00e9ress\u00e9 par l&#8217;art. Il poss\u00e9dait des cahiers o\u00f9 il gardait des gravures de diff\u00e9rentes \u0153uvres , glan\u00e9es lors de ses nombreux voyages ou de ses propres d\u00e9couvertes.<br \/>\n<div id=\"attachment_723\" style=\"width: 234px\" class=\"wp-caption alignright\"><a href=\"https:\/\/lesamisdevirebent.com\/wp-content\/uploads\/2018\/02\/Vierge_Colmar.jpg\"><img loading=\"lazy\" decoding=\"async\" aria-describedby=\"caption-attachment-723\" class=\"wp-image-723\" src=\"https:\/\/lesamisdevirebent.com\/wp-content\/uploads\/2018\/02\/Vierge_Colmar-236x300.jpg\" alt=\"\" width=\"224\" height=\"285\" srcset=\"https:\/\/lesamisdevirebent.com\/wp-content\/uploads\/2018\/02\/Vierge_Colmar-236x300.jpg 236w, https:\/\/lesamisdevirebent.com\/wp-content\/uploads\/2018\/02\/Vierge_Colmar-768x977.jpg 768w, https:\/\/lesamisdevirebent.com\/wp-content\/uploads\/2018\/02\/Vierge_Colmar.jpg 786w\" sizes=\"auto, (max-width: 224px) 100vw, 224px\" \/><\/a><p id=\"caption-attachment-723\" class=\"wp-caption-text\">Gravure tir\u00e9e du retable de Martin Schongauer ( 1473)<\/p><\/div><br \/>\nAinsi, il est possible de d\u00e9couvrir Colmar avec sa <strong>Vierge au buisson de rose<\/strong>.<br \/>\nToutes ces \u0153uvres \u00e9taient une source d&#8217;inspiration pour les produits de la manufacture, ce qui n&#8217;\u00e9tait pas un probl\u00e8me pour l&#8217;\u00e9poque.<br \/>\nCes cahiers ont ainsi \u00e9t\u00e9 retrouv\u00e9s et sont devenus une source d&#8217;information dans le cadre de l&#8217;inventaire.<br \/>\nEn effet, ce bouc ou cette fontaine peuvent-ils par exemple se retrouver dans l&#8217;am\u00e9nagement d&#8217;un ch\u00e2teau ou sur la chemin\u00e9e d&#8217;une demeure ?<br \/>\n<a href=\"https:\/\/lesamisdevirebent.com\/wp-content\/uploads\/2018\/02\/Fontaine.jpg\"><img loading=\"lazy\" decoding=\"async\" class=\"alignleft  wp-image-728\" src=\"https:\/\/lesamisdevirebent.com\/wp-content\/uploads\/2018\/02\/Fontaine-225x300.jpg\" alt=\"\" width=\"214\" height=\"286\" srcset=\"https:\/\/lesamisdevirebent.com\/wp-content\/uploads\/2018\/02\/Fontaine-225x300.jpg 225w, https:\/\/lesamisdevirebent.com\/wp-content\/uploads\/2018\/02\/Fontaine.jpg 750w\" sizes=\"auto, (max-width: 214px) 100vw, 214px\" \/><\/a><br \/>\n<a href=\"https:\/\/lesamisdevirebent.com\/wp-content\/uploads\/2018\/02\/Bouc.jpg\"><img loading=\"lazy\" decoding=\"async\" class=\"alignleft wp-image-727\" src=\"https:\/\/lesamisdevirebent.com\/wp-content\/uploads\/2018\/02\/Bouc-239x300.jpg\" alt=\"\" width=\"198\" height=\"248\" srcset=\"https:\/\/lesamisdevirebent.com\/wp-content\/uploads\/2018\/02\/Bouc-239x300.jpg 239w, https:\/\/lesamisdevirebent.com\/wp-content\/uploads\/2018\/02\/Bouc.jpg 544w\" sizes=\"auto, (max-width: 198px) 100vw, 198px\" \/><\/a><\/p>\n","protected":false},"excerpt":{"rendered":"<p>Gaston Virebent \u00e9tait int\u00e9ress\u00e9 par l&#8217;art. Il poss\u00e9dait des cahiers o\u00f9 il gardait des gravures de diff\u00e9rentes \u0153uvres , glan\u00e9es lors de ses nombreux voyages ou de ses propres d\u00e9couvertes. Ainsi, il est possible de d\u00e9couvrir Colmar avec sa Vierge &hellip; <a href=\"https:\/\/lesamisdevirebent.com\/?page_id=722\">Continuer la lecture <span class=\"meta-nav\">&rarr;<\/span><\/a><\/p>\n","protected":false},"author":1,"featured_media":0,"parent":41,"menu_order":0,"comment_status":"closed","ping_status":"closed","template":"","meta":{"_acf_changed":false,"footnotes":""},"class_list":["post-722","page","type-page","status-publish","hentry"],"acf":[],"_links":{"self":[{"href":"https:\/\/lesamisdevirebent.com\/index.php?rest_route=\/wp\/v2\/pages\/722","targetHints":{"allow":["GET"]}}],"collection":[{"href":"https:\/\/lesamisdevirebent.com\/index.php?rest_route=\/wp\/v2\/pages"}],"about":[{"href":"https:\/\/lesamisdevirebent.com\/index.php?rest_route=\/wp\/v2\/types\/page"}],"author":[{"embeddable":true,"href":"https:\/\/lesamisdevirebent.com\/index.php?rest_route=\/wp\/v2\/users\/1"}],"replies":[{"embeddable":true,"href":"https:\/\/lesamisdevirebent.com\/index.php?rest_route=%2Fwp%2Fv2%2Fcomments&post=722"}],"version-history":[{"count":0,"href":"https:\/\/lesamisdevirebent.com\/index.php?rest_route=\/wp\/v2\/pages\/722\/revisions"}],"up":[{"embeddable":true,"href":"https:\/\/lesamisdevirebent.com\/index.php?rest_route=\/wp\/v2\/pages\/41"}],"wp:attachment":[{"href":"https:\/\/lesamisdevirebent.com\/index.php?rest_route=%2Fwp%2Fv2%2Fmedia&parent=722"}],"curies":[{"name":"wp","href":"https:\/\/api.w.org\/{rel}","templated":true}]}}