{"id":849,"date":"2019-04-05T12:54:59","date_gmt":"2019-04-05T11:54:59","guid":{"rendered":"http:\/\/www.launaguet-virebent.com\/?page_id=849"},"modified":"2022-10-29T13:34:30","modified_gmt":"2022-10-29T11:34:30","slug":"livre-2020-auguste-gaston-virebent-leglise-et-lart-sacre","status":"publish","type":"page","link":"https:\/\/lesamisdevirebent.com\/?page_id=849","title":{"rendered":"Livre 2020 &#8211; &quot;Auguste &amp; Gaston Virebent : L&#039;Eglise et l&#039;art sacr\u00e9&quot;"},"content":{"rendered":"\n<p>En 2020 est paru aux \u00e9ditions Terrefort le livre &#8220;Auguste &amp; Gaston Virebent : l&#8217;Eglise et l&#8217;art sacr\u00e9&#8221;.<\/p>\n\n\n\n<figure class=\"wp-block-image\"><img loading=\"lazy\" decoding=\"async\" width=\"879\" height=\"851\" src=\"https:\/\/lesamisdevirebent.com\/wp-content\/uploads\/2019\/04\/Souscription-VIREBENT-Recto.png\" alt=\"\" class=\"wp-image-842\" srcset=\"https:\/\/lesamisdevirebent.com\/wp-content\/uploads\/2019\/04\/Souscription-VIREBENT-Recto.png 879w, https:\/\/lesamisdevirebent.com\/wp-content\/uploads\/2019\/04\/Souscription-VIREBENT-Recto-300x290.png 300w, https:\/\/lesamisdevirebent.com\/wp-content\/uploads\/2019\/04\/Souscription-VIREBENT-Recto-768x744.png 768w\" sizes=\"auto, (max-width: 879px) 100vw, 879px\" \/><figcaption><br><\/figcaption><\/figure>\n\n\n\n<p>Egalement \u00e9crit par Nelly Desseaux, ce livre s&#8217;int\u00e9resse plus particuli\u00e8rement \u00e0 l&#8217;art sacr\u00e9 pour la manufacture Virebent.<\/p>\n\n\n\n<p>Ce livre est disponible dans quelques librairies dont &#8220;Ombres Blanches&#8221; \u00e0 Toulouse. Vous pouvez \u00e9galement nous contacter si vous souhaitez un exemplaire.<\/p>\n","protected":false},"excerpt":{"rendered":"<p>En 2020 est paru aux \u00e9ditions Terrefort le livre &#8220;Auguste &amp; Gaston Virebent : l&#8217;Eglise et l&#8217;art sacr\u00e9&#8221;. Egalement \u00e9crit par Nelly Desseaux, ce livre s&#8217;int\u00e9resse plus particuli\u00e8rement \u00e0 l&#8217;art sacr\u00e9 pour la manufacture Virebent. Ce livre est disponible dans &hellip; <a href=\"https:\/\/lesamisdevirebent.com\/?page_id=849\">Continuer la lecture <span class=\"meta-nav\">&rarr;<\/span><\/a><\/p>\n","protected":false},"author":1,"featured_media":0,"parent":151,"menu_order":1,"comment_status":"closed","ping_status":"closed","template":"","meta":{"_acf_changed":false,"footnotes":""},"class_list":["post-849","page","type-page","status-publish","hentry"],"acf":[],"_links":{"self":[{"href":"https:\/\/lesamisdevirebent.com\/index.php?rest_route=\/wp\/v2\/pages\/849","targetHints":{"allow":["GET"]}}],"collection":[{"href":"https:\/\/lesamisdevirebent.com\/index.php?rest_route=\/wp\/v2\/pages"}],"about":[{"href":"https:\/\/lesamisdevirebent.com\/index.php?rest_route=\/wp\/v2\/types\/page"}],"author":[{"embeddable":true,"href":"https:\/\/lesamisdevirebent.com\/index.php?rest_route=\/wp\/v2\/users\/1"}],"replies":[{"embeddable":true,"href":"https:\/\/lesamisdevirebent.com\/index.php?rest_route=%2Fwp%2Fv2%2Fcomments&post=849"}],"version-history":[{"count":1,"href":"https:\/\/lesamisdevirebent.com\/index.php?rest_route=\/wp\/v2\/pages\/849\/revisions"}],"predecessor-version":[{"id":1193,"href":"https:\/\/lesamisdevirebent.com\/index.php?rest_route=\/wp\/v2\/pages\/849\/revisions\/1193"}],"up":[{"embeddable":true,"href":"https:\/\/lesamisdevirebent.com\/index.php?rest_route=\/wp\/v2\/pages\/151"}],"wp:attachment":[{"href":"https:\/\/lesamisdevirebent.com\/index.php?rest_route=%2Fwp%2Fv2%2Fmedia&parent=849"}],"curies":[{"name":"wp","href":"https:\/\/api.w.org\/{rel}","templated":true}]}}